{"id":132,"date":"2022-01-10T12:01:02","date_gmt":"2022-01-10T11:01:02","guid":{"rendered":"http:\/\/thairechanges.fr\/?page_id=132"},"modified":"2022-08-21T15:58:14","modified_gmt":"2022-08-21T13:58:14","slug":"nos-activites","status":"publish","type":"page","link":"https:\/\/thairechanges.fr\/index.php\/nos-activites\/","title":{"rendered":"Nos Activit\u00e9s"},"content":{"rendered":"\t\t<div data-elementor-type=\"wp-page\" data-elementor-id=\"132\" class=\"elementor elementor-132\">\n\t\t\t\t\t\t<section class=\"elementor-section elementor-top-section elementor-element elementor-element-896db24 elementor-section-boxed elementor-section-height-default elementor-section-height-default\" data-id=\"896db24\" data-element_type=\"section\">\n\t\t\t\t\t\t<div class=\"elementor-container elementor-column-gap-default\">\n\t\t\t\t\t<div class=\"elementor-column elementor-col-100 elementor-top-column elementor-element elementor-element-0ca6c8f\" data-id=\"0ca6c8f\" data-element_type=\"column\">\n\t\t\t<div class=\"elementor-widget-wrap elementor-element-populated\">\n\t\t\t\t\t\t<div class=\"elementor-element elementor-element-a7275a5 elementor-widget elementor-widget-text-editor\" data-id=\"a7275a5\" data-element_type=\"widget\" data-widget_type=\"text-editor.default\">\n\t\t\t\t<div class=\"elementor-widget-container\">\n\t\t\t\t\t\t\t\t\t<p><strong>Thair\u2019\u00c9changes<\/strong> propose depuis 2006 des randonn\u00e9es en Aunis et Saintonge sous diff\u00e9rentes formes :<\/p><ul><li><span style=\"text-decoration: underline;\">Rando Sant\u00e9<\/span> les mardis matin,<\/li><li><span style=\"text-decoration: underline;\">Petite Rando<\/span> les mardis apr\u00e8s-midi (environ 8 \u00e0 10 km)<\/li><li><span style=\"text-decoration: underline;\">Rando \u00e0 la carte<\/span> les jeudis apr\u00e8s-midi (environ 12km)<\/li><\/ul><p>Deux dimanches par mois nous organisons des <span style=\"text-decoration: underline;\">randonn\u00e9es d\u2019une journ\u00e9e<\/span>, ou demi-journ\u00e9e en hiver.<\/p><p>Enfin nous allons plus loin en moyenne deux fois par an pour des <span style=\"text-decoration: underline;\">s\u00e9jours<\/span> d\u2019un week-end ou d\u2019une semaine.<\/p><p><strong>Consultez notre calendrier sur la page d&rsquo;accueil pour en savoir plus.<\/strong><\/p><p>\u00a0<\/p>\t\t\t\t\t\t\t\t<\/div>\n\t\t\t\t<\/div>\n\t\t\t\t\t<\/div>\n\t\t<\/div>\n\t\t\t\t\t<\/div>\n\t\t<\/section>\n\t\t\t\t<\/div>\n\t\t","protected":false},"excerpt":{"rendered":"<p>Thair\u2019\u00c9changes propose depuis 2006 des randonn\u00e9es en Aunis et Saintonge sous diff\u00e9rentes formes : Rando Sant\u00e9 les mardis matin, Petite Rando les mardis apr\u00e8s-midi (environ 8 \u00e0 10 km) Rando \u00e0 la carte les jeudis apr\u00e8s-midi (environ 12km) Deux dimanches par mois nous organisons des randonn\u00e9es d\u2019une journ\u00e9e, ou demi-journ\u00e9e en hiver. Enfin nous allons [&hellip;]<\/p>\n","protected":false},"author":2,"featured_media":0,"parent":0,"menu_order":0,"comment_status":"closed","ping_status":"closed","template":"","meta":{"site-sidebar-layout":"no-sidebar","site-content-layout":"page-builder","ast-site-content-layout":"","site-content-style":"default","site-sidebar-style":"default","ast-global-header-display":"","ast-banner-title-visibility":"","ast-main-header-display":"","ast-hfb-above-header-display":"","ast-hfb-below-header-display":"","ast-hfb-mobile-header-display":"","site-post-title":"disabled","ast-breadcrumbs-content":"","ast-featured-img":"disabled","footer-sml-layout":"","theme-transparent-header-meta":"","adv-header-id-meta":"","stick-header-meta":"","header-above-stick-meta":"","header-main-stick-meta":"","header-below-stick-meta":"","astra-migrate-meta-layouts":"default","ast-page-background-enabled":"default","ast-page-background-meta":{"desktop":{"background-color":"var(--ast-global-color-4)","background-image":"","background-repeat":"repeat","background-position":"center center","background-size":"auto","background-attachment":"scroll","background-type":"","background-media":"","overlay-type":"","overlay-color":"","overlay-opacity":"","overlay-gradient":""},"tablet":{"background-color":"","background-image":"","background-repeat":"repeat","background-position":"center center","background-size":"auto","background-attachment":"scroll","background-type":"","background-media":"","overlay-type":"","overlay-color":"","overlay-opacity":"","overlay-gradient":""},"mobile":{"background-color":"","background-image":"","background-repeat":"repeat","background-position":"center center","background-size":"auto","background-attachment":"scroll","background-type":"","background-media":"","overlay-type":"","overlay-color":"","overlay-opacity":"","overlay-gradient":""}},"ast-content-background-meta":{"desktop":{"background-color":"var(--ast-global-color-5)","background-image":"","background-repeat":"repeat","background-position":"center center","background-size":"auto","background-attachment":"scroll","background-type":"","background-media":"","overlay-type":"","overlay-color":"","overlay-opacity":"","overlay-gradient":""},"tablet":{"background-color":"var(--ast-global-color-5)","background-image":"","background-repeat":"repeat","background-position":"center center","background-size":"auto","background-attachment":"scroll","background-type":"","background-media":"","overlay-type":"","overlay-color":"","overlay-opacity":"","overlay-gradient":""},"mobile":{"background-color":"var(--ast-global-color-5)","background-image":"","background-repeat":"repeat","background-position":"center center","background-size":"auto","background-attachment":"scroll","background-type":"","background-media":"","overlay-type":"","overlay-color":"","overlay-opacity":"","overlay-gradient":""}},"footnotes":""},"categories":[],"tags":[],"class_list":["post-132","page","type-page","status-publish","hentry"],"_links":{"self":[{"href":"https:\/\/thairechanges.fr\/index.php\/wp-json\/wp\/v2\/pages\/132","targetHints":{"allow":["GET"]}}],"collection":[{"href":"https:\/\/thairechanges.fr\/index.php\/wp-json\/wp\/v2\/pages"}],"about":[{"href":"https:\/\/thairechanges.fr\/index.php\/wp-json\/wp\/v2\/types\/page"}],"author":[{"embeddable":true,"href":"https:\/\/thairechanges.fr\/index.php\/wp-json\/wp\/v2\/users\/2"}],"replies":[{"embeddable":true,"href":"https:\/\/thairechanges.fr\/index.php\/wp-json\/wp\/v2\/comments?post=132"}],"version-history":[{"count":2,"href":"https:\/\/thairechanges.fr\/index.php\/wp-json\/wp\/v2\/pages\/132\/revisions"}],"predecessor-version":[{"id":1626,"href":"https:\/\/thairechanges.fr\/index.php\/wp-json\/wp\/v2\/pages\/132\/revisions\/1626"}],"wp:attachment":[{"href":"https:\/\/thairechanges.fr\/index.php\/wp-json\/wp\/v2\/media?parent=132"}],"wp:term":[{"taxonomy":"category","embeddable":true,"href":"https:\/\/thairechanges.fr\/index.php\/wp-json\/wp\/v2\/categories?post=132"},{"taxonomy":"post_tag","embeddable":true,"href":"https:\/\/thairechanges.fr\/index.php\/wp-json\/wp\/v2\/tags?post=132"}],"curies":[{"name":"wp","href":"https:\/\/api.w.org\/{rel}","templated":true}]}}