{"id":25,"date":"2021-12-30T15:19:04","date_gmt":"2021-12-30T14:19:04","guid":{"rendered":"http:\/\/myrczsc.cluster031.hosting.ovh.net\/?page_id=25"},"modified":"2025-06-15T14:51:49","modified_gmt":"2025-06-15T12:51:49","slug":"le-club","status":"publish","type":"page","link":"https:\/\/thairechanges.fr\/index.php\/le-club\/","title":{"rendered":"Le Club"},"content":{"rendered":"\t\t<div data-elementor-type=\"wp-page\" data-elementor-id=\"25\" class=\"elementor elementor-25\">\n\t\t\t\t\t\t<section class=\"elementor-section elementor-top-section elementor-element elementor-element-43b02e4d elementor-section-content-space-between elementor-section-boxed elementor-section-height-default elementor-section-height-default\" data-id=\"43b02e4d\" data-element_type=\"section\">\n\t\t\t\t\t\t<div class=\"elementor-container elementor-column-gap-default\">\n\t\t\t\t\t<div class=\"elementor-column elementor-col-100 elementor-top-column elementor-element elementor-element-82d2c11\" data-id=\"82d2c11\" data-element_type=\"column\">\n\t\t\t<div class=\"elementor-widget-wrap elementor-element-populated\">\n\t\t\t\t\t\t<div class=\"elementor-element elementor-element-581653e7 elementor-widget elementor-widget-text-editor\" data-id=\"581653e7\" data-element_type=\"widget\" data-widget_type=\"text-editor.default\">\n\t\t\t\t<div class=\"elementor-widget-container\">\n\t\t\t\t\t\t\t\t\t<p>Cr\u00e9\u00e9<strong> en 2006, Thair&rsquo;\u00c9changes a toujours voulu allier l&rsquo;activit\u00e9 physique<\/strong> <strong>et la convivialit\u00e9.<\/strong><\/p><p>Vous trouverez ici une pr\u00e9sentation rapide de :<\/p><p style=\"padding-left: 40px;\"><a href=\"https:\/\/thairechanges.fr\/index.php\/nos-activites\/\">nos activit\u00e9s,<\/a><\/p><p style=\"padding-left: 40px;\"><a href=\"https:\/\/thairechanges.fr\/index.php\/le-bureau\/\">notre bureau,<\/a><\/p><p style=\"padding-left: 40px;\"><a href=\"https:\/\/thairechanges.fr\/index.php\/nous-contacter\/\">et le moyen de nous rejoindre.<\/a><\/p><hr \/><p style=\"text-align: left;\"><a href=\"https:\/\/thairechanges.fr\/index.php\/statuts-et-reglement-interieur\/\" target=\"_blank\" rel=\"noopener\">Statuts et R\u00e8glement int\u00e9rieur de l&rsquo;association<\/a><\/p><p style=\"text-align: left;\"><a href=\"https:\/\/thairechanges.fr\/index.php\/questionnaire-de-sante\/\" target=\"_blank\" rel=\"noopener\">Questionnaire de Sant\u00e9<\/a><\/p><p><!-- \/wp:paragraph --><\/p>\t\t\t\t\t\t\t\t<\/div>\n\t\t\t\t<\/div>\n\t\t\t\t\t<\/div>\n\t\t<\/div>\n\t\t\t\t\t<\/div>\n\t\t<\/section>\n\t\t\t\t<section class=\"elementor-section elementor-top-section elementor-element elementor-element-99b1ce8 elementor-section-boxed elementor-section-height-default elementor-section-height-default\" data-id=\"99b1ce8\" data-element_type=\"section\">\n\t\t\t\t\t\t<div class=\"elementor-container elementor-column-gap-default\">\n\t\t\t\t\t<div class=\"elementor-column elementor-col-100 elementor-top-column elementor-element elementor-element-d7c7fae\" data-id=\"d7c7fae\" data-element_type=\"column\">\n\t\t\t<div class=\"elementor-widget-wrap elementor-element-populated\">\n\t\t\t\t\t\t<div class=\"elementor-element elementor-element-4639d29 elementor-widget elementor-widget-heading\" data-id=\"4639d29\" data-element_type=\"widget\" data-widget_type=\"heading.default\">\n\t\t\t\t<div class=\"elementor-widget-container\">\n\t\t\t\t\t<h3 class=\"elementor-heading-title elementor-size-default\"><a href=\"https:\/\/thairechanges.fr\/index.php\/adhesion-2024-2025\/\">Adh\u00e9rez \u00e0 Thair'\u00c9changes sur notre page Adhesion 2024-2025<\/a><\/h3>\t\t\t\t<\/div>\n\t\t\t\t<\/div>\n\t\t\t\t\t<\/div>\n\t\t<\/div>\n\t\t\t\t\t<\/div>\n\t\t<\/section>\n\t\t\t\t<section class=\"elementor-section elementor-top-section elementor-element elementor-element-639fc2b elementor-section-boxed elementor-section-height-default elementor-section-height-default\" data-id=\"639fc2b\" data-element_type=\"section\">\n\t\t\t\t\t\t<div class=\"elementor-container elementor-column-gap-default\">\n\t\t\t\t\t<div class=\"elementor-column elementor-col-100 elementor-top-column elementor-element elementor-element-1d2de80\" data-id=\"1d2de80\" data-element_type=\"column\">\n\t\t\t<div class=\"elementor-widget-wrap elementor-element-populated\">\n\t\t\t\t\t\t<div class=\"elementor-element elementor-element-423a730 elementor-widget-divider--view-line elementor-widget elementor-widget-divider\" data-id=\"423a730\" data-element_type=\"widget\" data-widget_type=\"divider.default\">\n\t\t\t\t<div class=\"elementor-widget-container\">\n\t\t\t\t\t\t\t<div class=\"elementor-divider\">\n\t\t\t<span class=\"elementor-divider-separator\">\n\t\t\t\t\t\t<\/span>\n\t\t<\/div>\n\t\t\t\t\t\t<\/div>\n\t\t\t\t<\/div>\n\t\t\t\t\t<\/div>\n\t\t<\/div>\n\t\t\t\t\t<\/div>\n\t\t<\/section>\n\t\t\t\t<section class=\"elementor-section elementor-top-section elementor-element elementor-element-87abd3b elementor-section-boxed elementor-section-height-default elementor-section-height-default\" data-id=\"87abd3b\" data-element_type=\"section\">\n\t\t\t\t\t\t<div class=\"elementor-container elementor-column-gap-default\">\n\t\t\t\t\t<div class=\"elementor-column elementor-col-100 elementor-top-column elementor-element elementor-element-0b1392f\" data-id=\"0b1392f\" data-element_type=\"column\">\n\t\t\t<div class=\"elementor-widget-wrap elementor-element-populated\">\n\t\t\t\t\t\t<div class=\"elementor-element elementor-element-310acd6 elementor-widget elementor-widget-heading\" data-id=\"310acd6\" data-element_type=\"widget\" data-widget_type=\"heading.default\">\n\t\t\t\t<div class=\"elementor-widget-container\">\n\t\t\t\t\t<h2 class=\"elementor-heading-title elementor-size-default\"><a href=\"https:\/\/thairechanges.fr\/index.php\/4139-2\/\" target=\"_blank\">Nouveau ! La randoth\u00e8que<\/a><\/h2>\t\t\t\t<\/div>\n\t\t\t\t<\/div>\n\t\t\t\t\t<\/div>\n\t\t<\/div>\n\t\t\t\t\t<\/div>\n\t\t<\/section>\n\t\t\t\t<\/div>\n\t\t","protected":false},"excerpt":{"rendered":"<p>Cr\u00e9\u00e9 en 2006, Thair&rsquo;\u00c9changes a toujours voulu allier l&rsquo;activit\u00e9 physique et la convivialit\u00e9. Vous trouverez ici une pr\u00e9sentation rapide de : nos activit\u00e9s, notre bureau, et le moyen de nous rejoindre. Statuts et R\u00e8glement int\u00e9rieur de l&rsquo;association Questionnaire de Sant\u00e9 Adh\u00e9rez \u00e0 Thair&rsquo;\u00c9changes sur notre page Adhesion 2024-2025 Nouveau ! La randoth\u00e8que<\/p>\n","protected":false},"author":2,"featured_media":0,"parent":0,"menu_order":0,"comment_status":"closed","ping_status":"closed","template":"","meta":{"site-sidebar-layout":"default","site-content-layout":"","ast-site-content-layout":"default","site-content-style":"default","site-sidebar-style":"default","ast-global-header-display":"","ast-banner-title-visibility":"","ast-main-header-display":"","ast-hfb-above-header-display":"","ast-hfb-below-header-display":"","ast-hfb-mobile-header-display":"","site-post-title":"","ast-breadcrumbs-content":"","ast-featured-img":"","footer-sml-layout":"","theme-transparent-header-meta":"","adv-header-id-meta":"","stick-header-meta":"","header-above-stick-meta":"","header-main-stick-meta":"","header-below-stick-meta":"","astra-migrate-meta-layouts":"set","ast-page-background-enabled":"default","ast-page-background-meta":{"desktop":{"background-color":"var(--ast-global-color-4)","background-image":"","background-repeat":"repeat","background-position":"center center","background-size":"auto","background-attachment":"scroll","background-type":"","background-media":"","overlay-type":"","overlay-color":"","overlay-opacity":"","overlay-gradient":""},"tablet":{"background-color":"","background-image":"","background-repeat":"repeat","background-position":"center center","background-size":"auto","background-attachment":"scroll","background-type":"","background-media":"","overlay-type":"","overlay-color":"","overlay-opacity":"","overlay-gradient":""},"mobile":{"background-color":"","background-image":"","background-repeat":"repeat","background-position":"center center","background-size":"auto","background-attachment":"scroll","background-type":"","background-media":"","overlay-type":"","overlay-color":"","overlay-opacity":"","overlay-gradient":""}},"ast-content-background-meta":{"desktop":{"background-color":"var(--ast-global-color-5)","background-image":"","background-repeat":"repeat","background-position":"center center","background-size":"auto","background-attachment":"scroll","background-type":"","background-media":"","overlay-type":"","overlay-color":"","overlay-opacity":"","overlay-gradient":""},"tablet":{"background-color":"var(--ast-global-color-5)","background-image":"","background-repeat":"repeat","background-position":"center center","background-size":"auto","background-attachment":"scroll","background-type":"","background-media":"","overlay-type":"","overlay-color":"","overlay-opacity":"","overlay-gradient":""},"mobile":{"background-color":"var(--ast-global-color-5)","background-image":"","background-repeat":"repeat","background-position":"center center","background-size":"auto","background-attachment":"scroll","background-type":"","background-media":"","overlay-type":"","overlay-color":"","overlay-opacity":"","overlay-gradient":""}},"footnotes":""},"categories":[],"tags":[],"class_list":["post-25","page","type-page","status-publish","hentry"],"_links":{"self":[{"href":"https:\/\/thairechanges.fr\/index.php\/wp-json\/wp\/v2\/pages\/25","targetHints":{"allow":["GET"]}}],"collection":[{"href":"https:\/\/thairechanges.fr\/index.php\/wp-json\/wp\/v2\/pages"}],"about":[{"href":"https:\/\/thairechanges.fr\/index.php\/wp-json\/wp\/v2\/types\/page"}],"author":[{"embeddable":true,"href":"https:\/\/thairechanges.fr\/index.php\/wp-json\/wp\/v2\/users\/2"}],"replies":[{"embeddable":true,"href":"https:\/\/thairechanges.fr\/index.php\/wp-json\/wp\/v2\/comments?post=25"}],"version-history":[{"count":2,"href":"https:\/\/thairechanges.fr\/index.php\/wp-json\/wp\/v2\/pages\/25\/revisions"}],"predecessor-version":[{"id":4290,"href":"https:\/\/thairechanges.fr\/index.php\/wp-json\/wp\/v2\/pages\/25\/revisions\/4290"}],"wp:attachment":[{"href":"https:\/\/thairechanges.fr\/index.php\/wp-json\/wp\/v2\/media?parent=25"}],"wp:term":[{"taxonomy":"category","embeddable":true,"href":"https:\/\/thairechanges.fr\/index.php\/wp-json\/wp\/v2\/categories?post=25"},{"taxonomy":"post_tag","embeddable":true,"href":"https:\/\/thairechanges.fr\/index.php\/wp-json\/wp\/v2\/tags?post=25"}],"curies":[{"name":"wp","href":"https:\/\/api.w.org\/{rel}","templated":true}]}}